{"id":6343,"date":"2022-05-11T19:48:41","date_gmt":"2022-05-11T19:48:41","guid":{"rendered":"https:\/\/tahiti.intercontinental.com\/?page_id=6343"},"modified":"2023-09-04T22:56:09","modified_gmt":"2023-09-05T08:56:09","slug":"legal-notice","status":"publish","type":"page","link":"https:\/\/tahiti.intercontinental.com\/fr\/legal-notice","title":{"rendered":"Mentions L\u00e9gales"},"content":{"rendered":"<div data-elementor-type=\"wp-page\" data-elementor-id=\"6343\" class=\"elementor elementor-6343\" data-elementor-post-type=\"page\">\n\t\t\t\t\t\t<section class=\"elementor-section elementor-top-section elementor-element elementor-element-eaa51ee elementor-section-boxed elementor-section-height-default elementor-section-height-default\" data-id=\"eaa51ee\" data-element_type=\"section\" data-settings=\"{&quot;jet_parallax_layout_list&quot;:[{&quot;jet_parallax_layout_image&quot;:{&quot;url&quot;:&quot;&quot;,&quot;id&quot;:&quot;&quot;,&quot;size&quot;:&quot;&quot;},&quot;_id&quot;:&quot;f9ad862&quot;,&quot;jet_parallax_layout_image_tablet&quot;:{&quot;url&quot;:&quot;&quot;,&quot;id&quot;:&quot;&quot;,&quot;size&quot;:&quot;&quot;},&quot;jet_parallax_layout_image_mobile&quot;:{&quot;url&quot;:&quot;&quot;,&quot;id&quot;:&quot;&quot;,&quot;size&quot;:&quot;&quot;},&quot;jet_parallax_layout_speed&quot;:{&quot;unit&quot;:&quot;%&quot;,&quot;size&quot;:50,&quot;sizes&quot;:[]},&quot;jet_parallax_layout_type&quot;:&quot;scroll&quot;,&quot;jet_parallax_layout_direction&quot;:null,&quot;jet_parallax_layout_fx_direction&quot;:null,&quot;jet_parallax_layout_z_index&quot;:&quot;&quot;,&quot;jet_parallax_layout_bg_x&quot;:50,&quot;jet_parallax_layout_bg_x_tablet&quot;:&quot;&quot;,&quot;jet_parallax_layout_bg_x_mobile&quot;:&quot;&quot;,&quot;jet_parallax_layout_bg_y&quot;:50,&quot;jet_parallax_layout_bg_y_tablet&quot;:&quot;&quot;,&quot;jet_parallax_layout_bg_y_mobile&quot;:&quot;&quot;,&quot;jet_parallax_layout_bg_size&quot;:&quot;auto&quot;,&quot;jet_parallax_layout_bg_size_tablet&quot;:&quot;&quot;,&quot;jet_parallax_layout_bg_size_mobile&quot;:&quot;&quot;,&quot;jet_parallax_layout_animation_prop&quot;:&quot;transform&quot;,&quot;jet_parallax_layout_on&quot;:[&quot;desktop&quot;,&quot;tablet&quot;]}]}\">\n\t\t\t\t\t\t<div class=\"elementor-container elementor-column-gap-default\">\n\t\t\t\t\t<div class=\"elementor-column elementor-col-100 elementor-top-column elementor-element elementor-element-e3b1b3e\" data-id=\"e3b1b3e\" data-element_type=\"column\">\n\t\t\t<div class=\"elementor-widget-wrap elementor-element-populated\">\n\t\t\t\t\t\t<div class=\"elementor-element elementor-element-7c75d09 elementor-widget elementor-widget-text-editor\" data-id=\"7c75d09\" data-element_type=\"widget\" data-widget_type=\"text-editor.default\">\n\t\t\t\t<div class=\"elementor-widget-container\">\n\t\t\t\t\t\t\t<h1>Mentions L\u00e9gales<\/h1>\n<em><strong>\u00a0<\/strong><\/em>\n\n<em><strong>\u00c9diteur du site<\/strong><\/em>\n\n<strong>Ce site est \u00e9dit\u00e9 par Beachcomber Tahiti SAS:<\/strong>\n\u2022 N\u00b0Tahiti : E29718\n\n<strong>Si\u00e8ge Social<\/strong>\nInterContinental Tahiti Resort &amp; Spa \u2013 BP 6014- 98702 Faa&#8217;a &#8211; TAHITI\nPhone Number : <a style=\"color: #88726B;\" href=\"tel:68940865110\">+689 40 86 51 10<\/a>\nE-mail : <a style=\"color: #88726B;\" href=\"mailto:intercontinental.tahiti@ihg.com\">intercontinental.tahiti@ihg.com<\/a>\nDirecteur de publication: M. Thierry BROVELLI, Directeur G\u00e9n\u00e9ral\n\n<em><strong>D\u00e9veloppement du site <\/strong><\/em>\nLe site a \u00e9t\u00e9 cr\u00e9e par QUO Global <a style=\"color: #88726B;\" href=\"https:\/\/www.quo-global.com\/\" target=\"_blank\" rel=\"noopener\">www.quo-global.com<\/a>\n\n<em><strong> H\u00e9bergement du site <\/strong><\/em>\nThe web hosting is provided by OVH Cloud France: Address: 2 rue Kellermann 59100 Roubaix, FRANCE\nWebsite: <a style=\"color: #88726B;\" href=\"https:\/\/www.ovhcloud.com\/fr\/\">https:\/\/www.ovhcloud.com\/fr\/\u00a0<\/a>\t\t\t\t\t\t<\/div>\n\t\t\t\t<\/div>\n\t\t\t\t\t<\/div>\n\t\t<\/div>\n\t\t\t\t\t<\/div>\n\t\t<\/section>\n\t\t\t\t<\/div>","protected":false},"excerpt":{"rendered":"<p>Legal Notice \u00a0 Site Editor This site is edited by Beachcomber Tahiti S.A.S.: \u2022 N\u00b0Tahiti : E29718 Head Office: InterContinental Tahiti Resort &amp; Spa \u2013 BP 6014- 98702 Faa&#8217;a &#8211; TAHITI Phone Number : +689 40 86 51 10 E-mail : intercontinental.tahiti@ihg.com Publishing Director: Mr. Thierry BROVELLI, General Manager Site Development The site has been [&hellip;]<\/p>","protected":false},"author":11,"featured_media":0,"parent":0,"menu_order":0,"comment_status":"closed","ping_status":"closed","template":"","meta":{"footnotes":""},"acf":[],"yoast_head":"<!-- This site is optimized with the Yoast SEO plugin v22.4 - https:\/\/yoast.com\/wordpress\/plugins\/seo\/ -->\n<title>Legal Notice - InterContinental Tahiti Resort &amp; Spa<\/title>\n<meta name=\"robots\" content=\"index, follow, max-snippet:-1, max-image-preview:large, max-video-preview:-1\" \/>\n<link rel=\"canonical\" href=\"https:\/\/tahiti.intercontinental.com\/fr\/legal-notice\/\" \/>\n<meta property=\"og:locale\" content=\"fr_FR\" \/>\n<meta property=\"og:type\" content=\"article\" \/>\n<meta property=\"og:title\" content=\"Legal Notice - InterContinental Tahiti Resort &amp; Spa\" \/>\n<meta property=\"og:description\" content=\"Legal Notice \u00a0 Site Editor This site is edited by Beachcomber Tahiti S.A.S.: \u2022 N\u00b0Tahiti : E29718 Head Office: InterContinental Tahiti Resort &amp; Spa \u2013 BP 6014- 98702 Faa&#8217;a &#8211; TAHITI Phone Number : +689 40 86 51 10 E-mail : intercontinental.tahiti@ihg.com Publishing Director: Mr. Thierry BROVELLI, General Manager Site Development The site has been [&hellip;]\" \/>\n<meta property=\"og:url\" content=\"https:\/\/tahiti.intercontinental.com\/fr\/legal-notice\/\" \/>\n<meta property=\"og:site_name\" content=\"InterContinental Tahiti Resort &amp; Spa\" \/>\n<meta property=\"article:modified_time\" content=\"2023-09-05T08:56:09+00:00\" \/>\n<meta name=\"twitter:card\" content=\"summary_large_image\" \/>\n<meta name=\"twitter:label1\" content=\"Dur\u00e9e de lecture estim\u00e9e\" \/>\n\t<meta name=\"twitter:data1\" content=\"1 minute\" \/>\n<script type=\"application\/ld+json\" class=\"yoast-schema-graph\">{\"@context\":\"https:\/\/schema.org\",\"@graph\":[{\"@type\":\"WebPage\",\"@id\":\"https:\/\/tahiti.intercontinental.com\/legal-notice\",\"url\":\"https:\/\/tahiti.intercontinental.com\/legal-notice\",\"name\":\"Legal Notice - InterContinental Tahiti Resort &amp; Spa\",\"isPartOf\":{\"@id\":\"https:\/\/tahiti.intercontinental.com\/#website\"},\"datePublished\":\"2022-05-11T19:48:41+00:00\",\"dateModified\":\"2023-09-05T08:56:09+00:00\",\"inLanguage\":\"fr-FR\",\"potentialAction\":[{\"@type\":\"ReadAction\",\"target\":[\"https:\/\/tahiti.intercontinental.com\/legal-notice\"]}]},{\"@type\":\"WebSite\",\"@id\":\"https:\/\/tahiti.intercontinental.com\/#website\",\"url\":\"https:\/\/tahiti.intercontinental.com\/\",\"name\":\"InterContinental Tahiti Resort &amp; Spa\",\"description\":\"4-star resort in Tahiti\",\"publisher\":{\"@id\":\"https:\/\/tahiti.intercontinental.com\/#organization\"},\"potentialAction\":[{\"@type\":\"SearchAction\",\"target\":{\"@type\":\"EntryPoint\",\"urlTemplate\":\"https:\/\/tahiti.intercontinental.com\/?s={search_term_string}\"},\"query-input\":\"required name=search_term_string\"}],\"inLanguage\":\"fr-FR\"},{\"@type\":\"Organization\",\"@id\":\"https:\/\/tahiti.intercontinental.com\/#organization\",\"name\":\"InterContinental Tahiti Resort &amp; Spa\",\"url\":\"https:\/\/tahiti.intercontinental.com\/\",\"logo\":{\"@type\":\"ImageObject\",\"inLanguage\":\"fr-FR\",\"@id\":\"https:\/\/tahiti.intercontinental.com\/#\/schema\/logo\/image\/\",\"url\":\"https:\/\/tahiti.intercontinental.com\/wp-content\/uploads\/2021\/09\/logo-dark.svg\",\"contentUrl\":\"https:\/\/tahiti.intercontinental.com\/wp-content\/uploads\/2021\/09\/logo-dark.svg\",\"width\":100,\"height\":100,\"caption\":\"InterContinental Tahiti Resort &amp; Spa\"},\"image\":{\"@id\":\"https:\/\/tahiti.intercontinental.com\/#\/schema\/logo\/image\/\"}}]}<\/script>\n<!-- \/ Yoast SEO plugin. -->","yoast_head_json":{"title":"Legal Notice - InterContinental Tahiti Resort &amp; Spa","robots":{"index":"index","follow":"follow","max-snippet":"max-snippet:-1","max-image-preview":"max-image-preview:large","max-video-preview":"max-video-preview:-1"},"canonical":"https:\/\/tahiti.intercontinental.com\/fr\/legal-notice\/","og_locale":"fr_FR","og_type":"article","og_title":"Legal Notice - InterContinental Tahiti Resort &amp; Spa","og_description":"Legal Notice \u00a0 Site Editor This site is edited by Beachcomber Tahiti S.A.S.: \u2022 N\u00b0Tahiti : E29718 Head Office: InterContinental Tahiti Resort &amp; Spa \u2013 BP 6014- 98702 Faa&#8217;a &#8211; TAHITI Phone Number : +689 40 86 51 10 E-mail : intercontinental.tahiti@ihg.com Publishing Director: Mr. Thierry BROVELLI, General Manager Site Development The site has been [&hellip;]","og_url":"https:\/\/tahiti.intercontinental.com\/fr\/legal-notice\/","og_site_name":"InterContinental Tahiti Resort &amp; Spa","article_modified_time":"2023-09-05T08:56:09+00:00","twitter_card":"summary_large_image","twitter_misc":{"Dur\u00e9e de lecture estim\u00e9e":"1 minute"},"schema":{"@context":"https:\/\/schema.org","@graph":[{"@type":"WebPage","@id":"https:\/\/tahiti.intercontinental.com\/legal-notice","url":"https:\/\/tahiti.intercontinental.com\/legal-notice","name":"Legal Notice - InterContinental Tahiti Resort &amp; Spa","isPartOf":{"@id":"https:\/\/tahiti.intercontinental.com\/#website"},"datePublished":"2022-05-11T19:48:41+00:00","dateModified":"2023-09-05T08:56:09+00:00","inLanguage":"fr-FR","potentialAction":[{"@type":"ReadAction","target":["https:\/\/tahiti.intercontinental.com\/legal-notice"]}]},{"@type":"WebSite","@id":"https:\/\/tahiti.intercontinental.com\/#website","url":"https:\/\/tahiti.intercontinental.com\/","name":"InterContinental Tahiti Resort &amp; Spa","description":"4-star resort in Tahiti","publisher":{"@id":"https:\/\/tahiti.intercontinental.com\/#organization"},"potentialAction":[{"@type":"SearchAction","target":{"@type":"EntryPoint","urlTemplate":"https:\/\/tahiti.intercontinental.com\/?s={search_term_string}"},"query-input":"required name=search_term_string"}],"inLanguage":"fr-FR"},{"@type":"Organization","@id":"https:\/\/tahiti.intercontinental.com\/#organization","name":"InterContinental Tahiti Resort &amp; Spa","url":"https:\/\/tahiti.intercontinental.com\/","logo":{"@type":"ImageObject","inLanguage":"fr-FR","@id":"https:\/\/tahiti.intercontinental.com\/#\/schema\/logo\/image\/","url":"https:\/\/tahiti.intercontinental.com\/wp-content\/uploads\/2021\/09\/logo-dark.svg","contentUrl":"https:\/\/tahiti.intercontinental.com\/wp-content\/uploads\/2021\/09\/logo-dark.svg","width":100,"height":100,"caption":"InterContinental Tahiti Resort &amp; Spa"},"image":{"@id":"https:\/\/tahiti.intercontinental.com\/#\/schema\/logo\/image\/"}}]}},"_links":{"self":[{"href":"https:\/\/tahiti.intercontinental.com\/fr\/wp-json\/wp\/v2\/pages\/6343"}],"collection":[{"href":"https:\/\/tahiti.intercontinental.com\/fr\/wp-json\/wp\/v2\/pages"}],"about":[{"href":"https:\/\/tahiti.intercontinental.com\/fr\/wp-json\/wp\/v2\/types\/page"}],"author":[{"embeddable":true,"href":"https:\/\/tahiti.intercontinental.com\/fr\/wp-json\/wp\/v2\/users\/11"}],"replies":[{"embeddable":true,"href":"https:\/\/tahiti.intercontinental.com\/fr\/wp-json\/wp\/v2\/comments?post=6343"}],"version-history":[{"count":3,"href":"https:\/\/tahiti.intercontinental.com\/fr\/wp-json\/wp\/v2\/pages\/6343\/revisions"}],"predecessor-version":[{"id":11084,"href":"https:\/\/tahiti.intercontinental.com\/fr\/wp-json\/wp\/v2\/pages\/6343\/revisions\/11084"}],"wp:attachment":[{"href":"https:\/\/tahiti.intercontinental.com\/fr\/wp-json\/wp\/v2\/media?parent=6343"}],"curies":[{"name":"wp","href":"https:\/\/api.w.org\/{rel}","templated":true}]}}